{"id":17,"date":"2018-08-27T09:51:10","date_gmt":"2018-08-27T07:51:10","guid":{"rendered":"http:\/\/slidebearing.eu\/julclub\/?page_id=17"},"modified":"2019-11-04T17:21:49","modified_gmt":"2019-11-04T16:21:49","slug":"stina-gruesst-euch-aus-dem-wichtelwald","status":"publish","type":"page","link":"https:\/\/slidebearing.eu\/julclub\/?page_id=17","title":{"rendered":"Stina gr\u00fc\u00dft euch aus dem Wichtelwald &#8211; Das bin ich!"},"content":{"rendered":"<p><em>Hejsan<\/em><strong>,<\/strong><\/p>\n<p>mein Name ist Stina. Meine Freizeit verbringe ich in den Vogesen, wo ich in einem kleinen roten Holzhaus mit ziemlich verwildertem Garten lebe.<\/p>\n<p><img loading=\"lazy\" decoding=\"async\" class=\"alignnone size-medium wp-image-18\" src=\"http:\/\/slidebearing.eu\/julclub\/wp-content\/uploads\/2018\/08\/2015-05-29-19-55-48-768-225x300.jpg\" alt=\"\" width=\"225\" height=\"300\" srcset=\"https:\/\/slidebearing.eu\/julclub\/wp-content\/uploads\/2018\/08\/2015-05-29-19-55-48-768-225x300.jpg 225w, https:\/\/slidebearing.eu\/julclub\/wp-content\/uploads\/2018\/08\/2015-05-29-19-55-48-768.jpg 480w\" sizes=\"auto, (max-width: 225px) 100vw, 225px\" \/><\/p>\n<p>Ich bem\u00fche mich redlich, ihn in Ordnung zu halten. Was soll ich sagen: Die Natur ist st\u00e4rker. Muss dann wohl so sein. Denn wenn man eins hier lernen kann, dann ist es Gelassenheit. Mit von der Partie sind mein Mann und mein Rauhaardackel Siri, der so alt ist, dass er die meiste Zeit schl\u00e4ft &#8211; und die Wichtel. Mit ihren roten M\u00fctzen hopsen sie mir bei jeder Gelegenheit aufs Papier. Will ich ein Portrait oder eine Blume zeichnen: Vips, schon wieder einer! Jetzt sind sie sogar auf Kaffeebechern gelandet, aber davon sp\u00e4ter mehr.<\/p>\n<p>Mein Blog wird euch \u00fcber Neues aus der Region Vosges du Nord und dem Elsass informieren: Was sollte man gesehen haben, wo kann man gut essen, wo wird was gefeiert, wo gibt\u00b4s sch\u00f6ne Handwerkskunst, welche Rezepte sind original? Au\u00dferdem m\u00f6chte ich euch Wanderungen vorstellen, bei denen man nicht an seine Grenzen st\u00f6\u00dft. Bewegung? Ja. Bis zum Umfallen? Nein.\u00a0 Nichts ist schlimmer als vier Stunden lang einem Superwanderer \u00fcber Stock und Stein, durch S\u00fcmpfe, \u00fcber rutschige Abh\u00e4nge und holprige Felder hinterher zu stapfen. Da sinkt die Laune doch ganz betr\u00e4chtlich. Sowieso: Am Abend soll man ja nicht gleich mit L\u00f6chern in den Socken, dicken Blasen an den F\u00fc\u00dfen und Aggressionen auf den\/die PartnerIn ins Bett fallen, wo man doch noch lecker was essen gehen k\u00f6nnte.<\/p>\n<p>So und jetzt zu Schweden. Wichtel gibt es bekanntlich auch dort. Deshalb werdet ihr in meinem Blog Tipps und Links zu den sch\u00f6nsten Seiten dieses Landes finden. Und, da ich skandinavisches Design liebe, auch die sch\u00f6nsten Geschirrt\u00fccher und Kissenh\u00fcllen, die besten Kanelbullar und, und, und&#8230;<\/p>\n<p>Auf das sch\u00f6ne Leben!<\/p>\n<p>Eure Stina<\/p>\n<p>Liebe Leute,<\/p>\n<p>nach 18 Jahren spielt unsere Dackeldame Siri jetzt im Hundehimmel auf einer immergr\u00fcnen Wiese im Sonnenschein. Sie wird immer in unseren Herzen bleiben. Nachdem die ganze Familie v\u00f6llig am Boden zerst\u00f6rt war, ist der kleine Nuri zu uns gekommen. Ein Rauhaardackelchen, das es faustdick hinter den Ohren hat!<\/p>\n","protected":false},"excerpt":{"rendered":"<p>Hejsan, mein Name ist Stina. Meine Freizeit verbringe ich in den Vogesen, wo ich in einem kleinen roten Holzhaus mit ziemlich verwildertem Garten lebe. Ich bem\u00fche mich redlich, ihn in Ordnung zu halten. Was soll ich sagen: Die Natur ist st\u00e4rker. Muss dann wohl so sein. Denn wenn man eins hier lernen kann, dann ist &hellip; <\/p>\n<p class=\"link-more\"><a href=\"https:\/\/slidebearing.eu\/julclub\/?page_id=17\" class=\"more-link\"><span class=\"screen-reader-text\">\u201eStina gr\u00fc\u00dft euch aus dem Wichtelwald &#8211; Das bin ich!\u201c<\/span> weiterlesen<\/a><\/p>\n","protected":false},"author":1,"featured_media":58,"parent":0,"menu_order":0,"comment_status":"closed","ping_status":"closed","template":"","meta":{"footnotes":""},"class_list":["post-17","page","type-page","status-publish","has-post-thumbnail","hentry"],"_links":{"self":[{"href":"https:\/\/slidebearing.eu\/julclub\/index.php?rest_route=\/wp\/v2\/pages\/17","targetHints":{"allow":["GET"]}}],"collection":[{"href":"https:\/\/slidebearing.eu\/julclub\/index.php?rest_route=\/wp\/v2\/pages"}],"about":[{"href":"https:\/\/slidebearing.eu\/julclub\/index.php?rest_route=\/wp\/v2\/types\/page"}],"author":[{"embeddable":true,"href":"https:\/\/slidebearing.eu\/julclub\/index.php?rest_route=\/wp\/v2\/users\/1"}],"replies":[{"embeddable":true,"href":"https:\/\/slidebearing.eu\/julclub\/index.php?rest_route=%2Fwp%2Fv2%2Fcomments&post=17"}],"version-history":[{"count":9,"href":"https:\/\/slidebearing.eu\/julclub\/index.php?rest_route=\/wp\/v2\/pages\/17\/revisions"}],"predecessor-version":[{"id":2432,"href":"https:\/\/slidebearing.eu\/julclub\/index.php?rest_route=\/wp\/v2\/pages\/17\/revisions\/2432"}],"wp:featuredmedia":[{"embeddable":true,"href":"https:\/\/slidebearing.eu\/julclub\/index.php?rest_route=\/wp\/v2\/media\/58"}],"wp:attachment":[{"href":"https:\/\/slidebearing.eu\/julclub\/index.php?rest_route=%2Fwp%2Fv2%2Fmedia&parent=17"}],"curies":[{"name":"wp","href":"https:\/\/api.w.org\/{rel}","templated":true}]}}