{"id":2425,"date":"2019-11-04T16:58:23","date_gmt":"2019-11-04T15:58:23","guid":{"rendered":"https:\/\/slidebearing.eu\/julclub\/?page_id=2425"},"modified":"2021-11-14T09:10:42","modified_gmt":"2021-11-14T08:10:42","slug":"datenschutzerklaerung","status":"publish","type":"page","link":"https:\/\/slidebearing.eu\/julclub\/?page_id=2425","title":{"rendered":"Impressum und Datenschutzerkl\u00e4rung"},"content":{"rendered":"\n<p>Website Impressum Angaben gem\u00e4\u00df \u00a7 5 TMG Jutta Stina Strau\u00df Tassen Julclub Pommernweg 12 66346 P\u00fcttlingen Kontakt Telefon: 06898-64765 E-Mail: stina@roechling.org Umsatzsteuer-ID Umsatzsteuer-Identifikationsnummer gem\u00e4\u00df \u00a727 a Umsatzsteuergesetz: 70 451 936 850 Berufsbezeichnung und berufsrechtliche Regelungen Berufsbezeichnung: Fremdprachen-Dozentin Zust\u00e4ndige Kammer: Verliehen durch: Deutschland Es gelten folgende berufsrechtliche Regelungen: Regelungen einsehbar unter: http:\/\/ Verantwortlich f\u00fcr den Inhalt nach \u00a7 55 Abs. 2 RStV Jutta Strau\u00df Pommernweg 12 66346 P\u00fcttlingen Streitschlichtung Die Europ\u00e4ische Kommission stellt eine Plattform zur Online-Streitbeilegung (OS) bereit: https:\/\/ec.europa.eu\/consumers\/odr.  2 \/ 4 Unsere E-Mail-Adresse finden Sie oben im Impressum. Wir sind nicht bereit oder verpflichtet, an Streitbeilegungsverfahren vor einer Verbraucherschlichtungsstelle teilzunehmen. Haftung f\u00fcr Inhalte Als Diensteanbieter sind wir gem\u00e4\u00df \u00a7 7 Abs.1 TMG f\u00fcr eigene Inhalte auf diesen Seiten nach den allgemeinen Gesetzen verantwortlich. Nach \u00a7\u00a7 8 bis 10 TMG sind wir als Diensteanbieter jedoch nicht verpflichtet, \u00fcbermittelte oder gespeicherte fremde Informationen zu \u00fcberwachen oder nach Umst\u00e4nden zu forschen, die auf eine rechtswidrige T\u00e4tigkeit hinweisen. Verpflichtungen zur Entfernung oder Sperrung der Nutzung von Informationen nach den allgemeinen Gesetzen bleiben hiervon unber\u00fchrt. Eine diesbez\u00fcgliche Haftung ist jedoch erst ab dem Zeitpunkt der Kenntnis einer konkreten Rechtsverletzung m\u00f6glich. Bei Bekanntwerden von entsprechenden Rechtsverletzungen werden wir diese Inhalte umgehend entfernen. Haftung f\u00fcr Links Unser Angebot enth\u00e4lt Links zu externen Websites Dritter, auf deren Inhalte wir keinen Einfluss haben. Deshalb k\u00f6nnen wir f\u00fcr diese fremden Inhalte auch keine Gew\u00e4hr \u00fcbernehmen. F\u00fcr die Inhalte der verlinkten Seiten ist stets der jeweilige Anbieter oder Betreiber der Seiten verantwortlich. Die verlinkten Seiten wurden zum Zeitpunkt der Verlinkung auf m\u00f6gliche Rechtsverst\u00f6\u00dfe \u00fcberpr\u00fcft. Rechtswidrige Inhalte waren zum Zeitpunkt der Verlinkung nicht erkennbar. Eine permanente inhaltliche Kontrolle der verlinkten Seiten ist jedoch ohne konkrete Anhaltspunkte einer Rechtsverletzung nicht zumutbar. Bei Bekanntwerden von Rechtsverletzungen werden wir derartige Links umgehend entfernen. Urheberrecht Die durch die Seitenbetreiber erstellten Inhalte und Werke auf diesen Seiten unterliegen dem deutschen Urheberrecht. Die Vervielf\u00e4ltigung, Bearbeitung, Verbreitung und jede Art der Verwertung au\u00dferhalb der Grenzen des Urheberrechtes bed\u00fcrfen der schriftlichen Zustimmung des jeweiligen Autors bzw. Erstellers. Downloads und Kopien dieser Seite sind nur f\u00fcr den privaten, nicht kommerziellen Gebrauch gestattet. Soweit die Inhalte auf dieser Seite nicht vom Betreiber erstellt wurden, werden die Urheberrechte Dritter beachtet. Insbesondere werden Inhalte Dritter als solche gekennzeichnet. Sollten Sie trotzdem auf eine Urheberrechtsverletzung aufmerksam werden, bitten wir um einen entsprechenden Hinweis. Bei Bekanntwerden von Rechtsverletzungen werden wir derartige Inhalte umgehend entfernen. Quelle: e-recht24.de  3 \/ <\/p>\n\n\n\n<p>Die von mir erstellten Beitr\u00e4ge erfolgen unaufgefordert und unbezahlt. <\/p>\n","protected":false},"excerpt":{"rendered":"<p>Website Impressum Angaben gem\u00e4\u00df \u00a7 5 TMG Jutta Stina Strau\u00df Tassen Julclub Pommernweg 12 66346 P\u00fcttlingen Kontakt Telefon: 06898-64765 E-Mail: stina@roechling.org Umsatzsteuer-ID Umsatzsteuer-Identifikationsnummer gem\u00e4\u00df \u00a727 a Umsatzsteuergesetz: 70 451 936 850 Berufsbezeichnung und berufsrechtliche Regelungen Berufsbezeichnung: Fremdprachen-Dozentin Zust\u00e4ndige Kammer: Verliehen durch: Deutschland Es gelten folgende berufsrechtliche Regelungen: Regelungen einsehbar unter: http:\/\/ Verantwortlich f\u00fcr den Inhalt &hellip; <\/p>\n<p class=\"link-more\"><a href=\"https:\/\/slidebearing.eu\/julclub\/?page_id=2425\" class=\"more-link\"><span class=\"screen-reader-text\">\u201eImpressum und Datenschutzerkl\u00e4rung\u201c<\/span> weiterlesen<\/a><\/p>\n","protected":false},"author":1,"featured_media":0,"parent":0,"menu_order":0,"comment_status":"closed","ping_status":"closed","template":"","meta":{"footnotes":""},"class_list":["post-2425","page","type-page","status-publish","hentry"],"_links":{"self":[{"href":"https:\/\/slidebearing.eu\/julclub\/index.php?rest_route=\/wp\/v2\/pages\/2425","targetHints":{"allow":["GET"]}}],"collection":[{"href":"https:\/\/slidebearing.eu\/julclub\/index.php?rest_route=\/wp\/v2\/pages"}],"about":[{"href":"https:\/\/slidebearing.eu\/julclub\/index.php?rest_route=\/wp\/v2\/types\/page"}],"author":[{"embeddable":true,"href":"https:\/\/slidebearing.eu\/julclub\/index.php?rest_route=\/wp\/v2\/users\/1"}],"replies":[{"embeddable":true,"href":"https:\/\/slidebearing.eu\/julclub\/index.php?rest_route=%2Fwp%2Fv2%2Fcomments&post=2425"}],"version-history":[{"count":4,"href":"https:\/\/slidebearing.eu\/julclub\/index.php?rest_route=\/wp\/v2\/pages\/2425\/revisions"}],"predecessor-version":[{"id":4978,"href":"https:\/\/slidebearing.eu\/julclub\/index.php?rest_route=\/wp\/v2\/pages\/2425\/revisions\/4978"}],"wp:attachment":[{"href":"https:\/\/slidebearing.eu\/julclub\/index.php?rest_route=%2Fwp%2Fv2%2Fmedia&parent=2425"}],"curies":[{"name":"wp","href":"https:\/\/api.w.org\/{rel}","templated":true}]}}