{"id":4979,"date":"2021-11-14T09:19:40","date_gmt":"2021-11-14T08:19:40","guid":{"rendered":"https:\/\/slidebearing.eu\/julclub\/?page_id=4979"},"modified":"2021-11-14T11:24:52","modified_gmt":"2021-11-14T10:24:52","slug":"kommentare-schicken","status":"publish","type":"page","link":"https:\/\/slidebearing.eu\/julclub\/?page_id=4979","title":{"rendered":"Kommentare schicken"},"content":{"rendered":"\n<p>Liebe Lesende! Ich freue mich \u00fcber jedes <strong>Feedback<\/strong> zu meinen <strong>Beitr\u00e4gen<\/strong>, seien es <strong>Anregungen<\/strong> oder auch <strong>Verbesserungsvorschl\u00e4ge<\/strong> z.B. zu den Rezepten. Schickt eure <strong>Kommentare<\/strong> bitte an: <\/p>\n\n\n\n<p>stina@roechling.org<\/p>\n\n\n\n<p>Ich danke euch im Voraus!<\/p>\n\n\n\n<p>Eure Stina<\/p>\n","protected":false},"excerpt":{"rendered":"<p>Liebe Lesende! Ich freue mich \u00fcber jedes Feedback zu meinen Beitr\u00e4gen, seien es Anregungen oder auch Verbesserungsvorschl\u00e4ge z.B. zu den Rezepten. Schickt eure Kommentare bitte an: stina@roechling.org Ich danke euch im Voraus! Eure Stina<\/p>\n","protected":false},"author":1,"featured_media":0,"parent":0,"menu_order":0,"comment_status":"closed","ping_status":"closed","template":"","meta":{"footnotes":""},"class_list":["post-4979","page","type-page","status-publish","hentry"],"_links":{"self":[{"href":"https:\/\/slidebearing.eu\/julclub\/index.php?rest_route=\/wp\/v2\/pages\/4979","targetHints":{"allow":["GET"]}}],"collection":[{"href":"https:\/\/slidebearing.eu\/julclub\/index.php?rest_route=\/wp\/v2\/pages"}],"about":[{"href":"https:\/\/slidebearing.eu\/julclub\/index.php?rest_route=\/wp\/v2\/types\/page"}],"author":[{"embeddable":true,"href":"https:\/\/slidebearing.eu\/julclub\/index.php?rest_route=\/wp\/v2\/users\/1"}],"replies":[{"embeddable":true,"href":"https:\/\/slidebearing.eu\/julclub\/index.php?rest_route=%2Fwp%2Fv2%2Fcomments&post=4979"}],"version-history":[{"count":4,"href":"https:\/\/slidebearing.eu\/julclub\/index.php?rest_route=\/wp\/v2\/pages\/4979\/revisions"}],"predecessor-version":[{"id":5045,"href":"https:\/\/slidebearing.eu\/julclub\/index.php?rest_route=\/wp\/v2\/pages\/4979\/revisions\/5045"}],"wp:attachment":[{"href":"https:\/\/slidebearing.eu\/julclub\/index.php?rest_route=%2Fwp%2Fv2%2Fmedia&parent=4979"}],"curies":[{"name":"wp","href":"https:\/\/api.w.org\/{rel}","templated":true}]}}